{"id":48,"date":"2023-03-25T23:15:52","date_gmt":"2023-03-25T23:15:52","guid":{"rendered":"https:\/\/antelite.es\/?page_id=48"},"modified":"2023-03-28T19:12:51","modified_gmt":"2023-03-28T19:12:51","slug":"que-ofrecemos","status":"publish","type":"page","link":"https:\/\/antelite.es\/index.php\/que-ofrecemos\/","title":{"rendered":"\u00bfQu\u00e9 ofrecemos?"},"content":{"rendered":"\n<p class=\"has-text-align-center has-medium-font-size\">Distribuimos una amplia gama de productos, con un gran stock disponible en nuestro almac\u00e9n:<\/p>\n\n\n\n<figure class=\"wp-block-image aligncenter size-full\"><img loading=\"lazy\" decoding=\"async\" width=\"1024\" height=\"331\" src=\"https:\/\/antelite.es\/wp-content\/uploads\/2023\/03\/Productos-supermini.png\" alt=\"\" class=\"wp-image-111\" srcset=\"https:\/\/antelite.es\/wp-content\/uploads\/2023\/03\/Productos-supermini.png 1024w, https:\/\/antelite.es\/wp-content\/uploads\/2023\/03\/Productos-supermini-300x97.png 300w, https:\/\/antelite.es\/wp-content\/uploads\/2023\/03\/Productos-supermini-768x248.png 768w\" sizes=\"auto, (max-width: 1024px) 100vw, 1024px\" \/><\/figure>\n\n\n\n<ul class=\"wp-block-list\"><\/ul>\n\n\n\n<div class=\"inherit-container-width wp-block-group is-layout-constrained wp-block-group-is-layout-constrained\">\n<p class=\"has-text-align-center\" style=\"font-size:30px\"><strong>Fabricantes<\/strong><\/p>\n\n\n\n<p>Somos delegaci\u00f3n en Baleares de:<\/p>\n\n\n\n<figure class=\"wp-block-image aligncenter size-full\"><img loading=\"lazy\" decoding=\"async\" width=\"181\" height=\"47\" src=\"https:\/\/antelite.es\/wp-content\/uploads\/2023\/03\/ALCAD.png\" alt=\"\" class=\"wp-image-50\"\/><\/figure>\n\n\n\n<p>Distribuidores oficiales de:<\/p>\n\n\n\n<figure class=\"wp-block-image aligncenter size-full\"><img loading=\"lazy\" decoding=\"async\" width=\"516\" height=\"180\" src=\"https:\/\/antelite.es\/wp-content\/uploads\/2023\/03\/Marcas.png\" alt=\"\" class=\"wp-image-54\" srcset=\"https:\/\/antelite.es\/wp-content\/uploads\/2023\/03\/Marcas.png 516w, https:\/\/antelite.es\/wp-content\/uploads\/2023\/03\/Marcas-300x105.png 300w\" sizes=\"auto, (max-width: 516px) 100vw, 516px\" \/><\/figure>\n\n\n\n<p class=\"has-text-align-center\">y m\u00e1s&#8230;<\/p>\n<\/div>\n","protected":false},"excerpt":{"rendered":"<p>Distribuimos una amplia gama de productos, con un gran stock disponible en nuestro almac\u00e9n: Fabricantes Somos delegaci\u00f3n en Baleares de: Distribuidores oficiales de: y m\u00e1s&#8230;<\/p>\n","protected":false},"author":1,"featured_media":0,"parent":0,"menu_order":0,"comment_status":"closed","ping_status":"closed","template":"","meta":{"site-sidebar-layout":"default","site-content-layout":"default","ast-global-header-display":"","ast-main-header-display":"","ast-hfb-above-header-display":"","ast-hfb-below-header-display":"","ast-hfb-mobile-header-display":"","site-post-title":"","ast-breadcrumbs-content":"","ast-featured-img":"","footer-sml-layout":"","theme-transparent-header-meta":"","adv-header-id-meta":"","stick-header-meta":"","header-above-stick-meta":"","header-main-stick-meta":"","header-below-stick-meta":"","footnotes":""},"class_list":["post-48","page","type-page","status-publish","hentry"],"_links":{"self":[{"href":"https:\/\/antelite.es\/index.php\/wp-json\/wp\/v2\/pages\/48","targetHints":{"allow":["GET"]}}],"collection":[{"href":"https:\/\/antelite.es\/index.php\/wp-json\/wp\/v2\/pages"}],"about":[{"href":"https:\/\/antelite.es\/index.php\/wp-json\/wp\/v2\/types\/page"}],"author":[{"embeddable":true,"href":"https:\/\/antelite.es\/index.php\/wp-json\/wp\/v2\/users\/1"}],"replies":[{"embeddable":true,"href":"https:\/\/antelite.es\/index.php\/wp-json\/wp\/v2\/comments?post=48"}],"version-history":[{"count":9,"href":"https:\/\/antelite.es\/index.php\/wp-json\/wp\/v2\/pages\/48\/revisions"}],"predecessor-version":[{"id":124,"href":"https:\/\/antelite.es\/index.php\/wp-json\/wp\/v2\/pages\/48\/revisions\/124"}],"wp:attachment":[{"href":"https:\/\/antelite.es\/index.php\/wp-json\/wp\/v2\/media?parent=48"}],"curies":[{"name":"wp","href":"https:\/\/api.w.org\/{rel}","templated":true}]}}