{"id":19,"date":"2023-03-25T21:37:32","date_gmt":"2023-03-25T21:37:32","guid":{"rendered":"https:\/\/antelite.es\/?page_id=19"},"modified":"2023-04-03T17:19:20","modified_gmt":"2023-04-03T17:19:20","slug":"quienes-somos","status":"publish","type":"page","link":"https:\/\/antelite.es\/index.php\/quienes-somos\/","title":{"rendered":"\u00bfQui\u00e9nes somos?"},"content":{"rendered":"\n<figure class=\"wp-block-image aligncenter size-large\"><img loading=\"lazy\" decoding=\"async\" width=\"1024\" height=\"123\" src=\"https:\/\/antelite.es\/wp-content\/uploads\/2023\/03\/Banner-min-1024x123.png\" alt=\"\" class=\"wp-image-101\" srcset=\"https:\/\/antelite.es\/wp-content\/uploads\/2023\/03\/Banner-min-1024x123.png 1024w, https:\/\/antelite.es\/wp-content\/uploads\/2023\/03\/Banner-min-300x36.png 300w, https:\/\/antelite.es\/wp-content\/uploads\/2023\/03\/Banner-min-768x92.png 768w, https:\/\/antelite.es\/wp-content\/uploads\/2023\/03\/Banner-min-1536x184.png 1536w, https:\/\/antelite.es\/wp-content\/uploads\/2023\/03\/Banner-min-2048x246.png 2048w\" sizes=\"auto, (max-width: 1024px) 100vw, 1024px\" \/><\/figure>\n\n\n\n<hr class=\"wp-block-separator has-alpha-channel-opacity is-style-wide\"\/>\n\n\n\n<div class=\"wp-block-media-text alignwide is-stacked-on-mobile\" style=\"padding-top:0;padding-right:0;padding-bottom:0;padding-left:0;grid-template-columns:16% auto\"><figure class=\"wp-block-media-text__media\"><img loading=\"lazy\" decoding=\"async\" width=\"1024\" height=\"847\" src=\"https:\/\/antelite.es\/wp-content\/uploads\/2023\/04\/Origen-min-1024x847.png\" alt=\"\" class=\"wp-image-146 size-full\" srcset=\"https:\/\/antelite.es\/wp-content\/uploads\/2023\/04\/Origen-min-1024x847.png 1024w, https:\/\/antelite.es\/wp-content\/uploads\/2023\/04\/Origen-min-300x248.png 300w, https:\/\/antelite.es\/wp-content\/uploads\/2023\/04\/Origen-min-768x635.png 768w, https:\/\/antelite.es\/wp-content\/uploads\/2023\/04\/Origen-min.png 1213w\" sizes=\"auto, (max-width: 1024px) 100vw, 1024px\" \/><\/figure><div class=\"wp-block-media-text__content\">\n<p>Somos una empresa proveedora de material de telecomunicaciones para profesionales, formado por personas con experiencia en el sector de las telecomunicaciones desde 1980.<\/p>\n\n\n\n<p>En 1992 constituimos Antelite S.L con el objetivo de ser un distribuidor de valor a\u00f1adido de productos y servicios para el profesional de las telecomunicaciones.<\/p>\n<\/div><\/div>\n\n\n\n<hr class=\"wp-block-separator has-alpha-channel-opacity is-style-wide\"\/>\n\n\n\n<div class=\"wp-block-media-text alignwide has-media-on-the-right is-stacked-on-mobile\" style=\"padding-top:0;padding-right:0;padding-bottom:0;padding-left:0;grid-template-columns:auto 16%\"><div class=\"wp-block-media-text__content\">\n<p>Hemos evolucionado desde la implantaci\u00f3n de la televisi\u00f3n en color, promoviendo la implementaci\u00f3n de las nuevas tecnolog\u00edas trabajando siempre con primeras marcas del sector.<\/p>\n\n\n\n<p>La gran experiencia adquirida tanto en el ambito anal\u00f3gico como en el digital nos permite ofrecer soluciones y servicios adaptados a cualquier tipo de instalaci\u00f3n.<\/p>\n<\/div><figure class=\"wp-block-media-text__media\"><img loading=\"lazy\" decoding=\"async\" width=\"1024\" height=\"847\" src=\"https:\/\/antelite.es\/wp-content\/uploads\/2023\/04\/Evolucion-min-1024x847.png\" alt=\"\" class=\"wp-image-144 size-full\" srcset=\"https:\/\/antelite.es\/wp-content\/uploads\/2023\/04\/Evolucion-min-1024x847.png 1024w, https:\/\/antelite.es\/wp-content\/uploads\/2023\/04\/Evolucion-min-300x248.png 300w, https:\/\/antelite.es\/wp-content\/uploads\/2023\/04\/Evolucion-min-768x635.png 768w, https:\/\/antelite.es\/wp-content\/uploads\/2023\/04\/Evolucion-min.png 1213w\" sizes=\"auto, (max-width: 1024px) 100vw, 1024px\" \/><\/figure><\/div>\n\n\n\n<hr class=\"wp-block-separator has-alpha-channel-opacity is-style-wide\"\/>\n\n\n\n<div class=\"wp-block-media-text alignwide is-stacked-on-mobile\" style=\"padding-top:0;padding-right:0;padding-bottom:0;padding-left:0;grid-template-columns:17% auto\"><figure class=\"wp-block-media-text__media\"><img loading=\"lazy\" decoding=\"async\" width=\"1024\" height=\"847\" src=\"https:\/\/antelite.es\/wp-content\/uploads\/2023\/04\/Colaboracion-min-1024x847.png\" alt=\"\" class=\"wp-image-143 size-full\" srcset=\"https:\/\/antelite.es\/wp-content\/uploads\/2023\/04\/Colaboracion-min-1024x847.png 1024w, https:\/\/antelite.es\/wp-content\/uploads\/2023\/04\/Colaboracion-min-300x248.png 300w, https:\/\/antelite.es\/wp-content\/uploads\/2023\/04\/Colaboracion-min-768x635.png 768w, https:\/\/antelite.es\/wp-content\/uploads\/2023\/04\/Colaboracion-min.png 1213w\" sizes=\"auto, (max-width: 1024px) 100vw, 1024px\" \/><\/figure><div class=\"wp-block-media-text__content\">\n<p>Respaldamos a los clientes basandonos en un profundo conocimiento de los productos distribuidos. Ofrecemos asesoriamiento y orientaci\u00f3n a profesionales del sector.<\/p>\n\n\n\n<p>Nuestros clientes nos transmiten las necesidades del mercado y es nuestro compromiso ofrecerle la mejor soluci\u00f3n disponible y formarle en su utilizaci\u00f3n.<\/p>\n<\/div><\/div>\n\n\n\n<hr class=\"wp-block-separator has-alpha-channel-opacity is-style-wide\"\/>\n\n\n\n<div class=\"wp-block-media-text alignwide has-media-on-the-right is-stacked-on-mobile\" style=\"grid-template-columns:auto 17%\"><div class=\"wp-block-media-text__content\">\n<p> Nuestra formaci\u00f3n te\u00f3rica y acad\u00e9mica, y con una gran experiencia adquirida en el ambito de las instalaciones, nos permite introducir a nuestros clientes nuevas soluciones o tecnolog\u00edas que antes se encontraban fuera de su alcance. Permitiendo as\u00ed que evolucione y se mantenga al d\u00eda con las \u00faltimas tendencias de la industria.<\/p>\n\n\n\n<p>En un mundo tan cambiante como el de las telecomunicaciones, estamos al corriente de los cambios de reglamentos, leyes y protocolos que afectan al sector. As\u00ed orientamos a nuestros clientes sobre cualquier normativa que se aplique a su instalaci\u00f3n.<\/p>\n<\/div><figure class=\"wp-block-media-text__media\"><img loading=\"lazy\" decoding=\"async\" width=\"1024\" height=\"847\" src=\"https:\/\/antelite.es\/wp-content\/uploads\/2023\/04\/Libro-min-1024x847.png\" alt=\"\" class=\"wp-image-145 size-full\" srcset=\"https:\/\/antelite.es\/wp-content\/uploads\/2023\/04\/Libro-min-1024x847.png 1024w, https:\/\/antelite.es\/wp-content\/uploads\/2023\/04\/Libro-min-300x248.png 300w, https:\/\/antelite.es\/wp-content\/uploads\/2023\/04\/Libro-min-768x635.png 768w, https:\/\/antelite.es\/wp-content\/uploads\/2023\/04\/Libro-min.png 1213w\" sizes=\"auto, (max-width: 1024px) 100vw, 1024px\" \/><\/figure><\/div>\n\n\n\n<hr class=\"wp-block-separator has-alpha-channel-opacity is-style-wide\"\/>\n\n\n\n<div class=\"wp-block-media-text alignwide is-stacked-on-mobile\" style=\"grid-template-columns:18% auto\"><figure class=\"wp-block-media-text__media\"><img loading=\"lazy\" decoding=\"async\" width=\"1024\" height=\"847\" src=\"https:\/\/antelite.es\/wp-content\/uploads\/2023\/04\/Almacen-min-1024x847.png\" alt=\"\" class=\"wp-image-142 size-full\" srcset=\"https:\/\/antelite.es\/wp-content\/uploads\/2023\/04\/Almacen-min-1024x847.png 1024w, https:\/\/antelite.es\/wp-content\/uploads\/2023\/04\/Almacen-min-300x248.png 300w, https:\/\/antelite.es\/wp-content\/uploads\/2023\/04\/Almacen-min-768x635.png 768w, https:\/\/antelite.es\/wp-content\/uploads\/2023\/04\/Almacen-min.png 1213w\" sizes=\"auto, (max-width: 1024px) 100vw, 1024px\" \/><\/figure><div class=\"wp-block-media-text__content\">\n<p>Disponemos de grandes stocks de productos para entrega inmediata en nuestros almacenes. Desde el adaptador m\u00e1s peque\u00f1o la parab\u00f3lica m\u00e1s grande nuestro objetivo es servir a nuestros clientes con la mayor agilidad posible.<\/p>\n\n\n\n<p>En caso de no disponer de stock del producto buscado, podemos tramitar entregas urgentes para minimizar lo m\u00e1ximo posible el tiempo de espera para la obtenci\u00f3n del material.<\/p>\n\n\n\n<p>Colaboramos con fabricantes y trasportistas para realizar entregas d\u00f3nde y c\u00faando sea necesario.<\/p>\n<\/div><\/div>\n\n\n\n<hr class=\"wp-block-separator has-alpha-channel-opacity is-style-wide\"\/>\n\n\n\n<div class=\"wp-block-media-text alignwide has-media-on-the-right is-stacked-on-mobile\" style=\"grid-template-columns:auto 17%\"><div class=\"wp-block-media-text__content\">\n<p>Disponemos de departamento de soporte t\u00e9cnico formado por ingenieros cualificados con disponibilidad remota o presencial all\u00ed donde el cliente nos necesite.<\/p>\n\n\n\n<p>Tramitamos reparaciones de productos \u00e1gilmente reduciendo el tiempo de espera, llegando a poder ofrecer productos de sustituci\u00f3n adaptados a las necesidades de la instalaci\u00f3n.<\/p>\n<\/div><figure class=\"wp-block-media-text__media\"><img loading=\"lazy\" decoding=\"async\" width=\"1024\" height=\"847\" src=\"https:\/\/antelite.es\/wp-content\/uploads\/2023\/04\/Soporte-min-1024x847.png\" alt=\"\" class=\"wp-image-147 size-full\" srcset=\"https:\/\/antelite.es\/wp-content\/uploads\/2023\/04\/Soporte-min-1024x847.png 1024w, https:\/\/antelite.es\/wp-content\/uploads\/2023\/04\/Soporte-min-300x248.png 300w, https:\/\/antelite.es\/wp-content\/uploads\/2023\/04\/Soporte-min-768x635.png 768w, https:\/\/antelite.es\/wp-content\/uploads\/2023\/04\/Soporte-min.png 1213w\" sizes=\"auto, (max-width: 1024px) 100vw, 1024px\" \/><\/figure><\/div>\n\n\n\n<hr class=\"wp-block-separator has-alpha-channel-opacity is-style-wide\"\/>\n","protected":false},"excerpt":{"rendered":"<p>Somos una empresa proveedora de material de telecomunicaciones para profesionales, formado por personas con experiencia en el sector de las telecomunicaciones desde 1980. En 1992 constituimos Antelite S.L con el objetivo de ser un distribuidor de valor a\u00f1adido de productos y servicios para el profesional de las telecomunicaciones. Hemos evolucionado desde la implantaci\u00f3n de la &hellip;<\/p>\n<p class=\"read-more\"> <a class=\"\" href=\"https:\/\/antelite.es\/index.php\/quienes-somos\/\"> <span class=\"screen-reader-text\">\u00bfQui\u00e9nes somos?<\/span> Read More &raquo;<\/a><\/p>\n","protected":false},"author":1,"featured_media":0,"parent":0,"menu_order":0,"comment_status":"closed","ping_status":"closed","template":"","meta":{"site-sidebar-layout":"default","site-content-layout":"default","ast-global-header-display":"","ast-main-header-display":"","ast-hfb-above-header-display":"","ast-hfb-below-header-display":"","ast-hfb-mobile-header-display":"","site-post-title":"","ast-breadcrumbs-content":"","ast-featured-img":"","footer-sml-layout":"","theme-transparent-header-meta":"","adv-header-id-meta":"","stick-header-meta":"","header-above-stick-meta":"","header-main-stick-meta":"","header-below-stick-meta":"","footnotes":""},"class_list":["post-19","page","type-page","status-publish","hentry"],"_links":{"self":[{"href":"https:\/\/antelite.es\/index.php\/wp-json\/wp\/v2\/pages\/19","targetHints":{"allow":["GET"]}}],"collection":[{"href":"https:\/\/antelite.es\/index.php\/wp-json\/wp\/v2\/pages"}],"about":[{"href":"https:\/\/antelite.es\/index.php\/wp-json\/wp\/v2\/types\/page"}],"author":[{"embeddable":true,"href":"https:\/\/antelite.es\/index.php\/wp-json\/wp\/v2\/users\/1"}],"replies":[{"embeddable":true,"href":"https:\/\/antelite.es\/index.php\/wp-json\/wp\/v2\/comments?post=19"}],"version-history":[{"count":11,"href":"https:\/\/antelite.es\/index.php\/wp-json\/wp\/v2\/pages\/19\/revisions"}],"predecessor-version":[{"id":205,"href":"https:\/\/antelite.es\/index.php\/wp-json\/wp\/v2\/pages\/19\/revisions\/205"}],"wp:attachment":[{"href":"https:\/\/antelite.es\/index.php\/wp-json\/wp\/v2\/media?parent=19"}],"curies":[{"name":"wp","href":"https:\/\/api.w.org\/{rel}","templated":true}]}}